{"id":4,"date":"2008-05-06T12:08:21","date_gmt":"2008-05-06T11:08:21","guid":{"rendered":"http:\/\/yazhou.free.fr\/lilimao\/blog\/?page_id=4"},"modified":"2008-05-06T12:08:21","modified_gmt":"2008-05-06T11:08:21","slug":"trop","status":"publish","type":"page","link":"http:\/\/blog.lilicat.com\/?page_id=4","title":{"rendered":"Trop"},"content":{"rendered":"<p>Trop de bruits,<br \/>\nTrop de haines,<br \/>\nTrop d&rsquo;injustices,<br \/>\nTrop d&rsquo;indiff\u00e9rences,<br \/>\nTrop de mensonges,<br \/>\nTrop de tueries pourquoi faire,<br \/>\nTrop de se sentir mal jour apr\u00e8s jour,<br \/>\nTrop de mat\u00e9riels mais manque d&rsquo;esprit,<br \/>\nTrop d&rsquo;histoires qui se r\u00e9p\u00e8tent, mais on ne retient jamais la le\u00e7on.<\/p>\n<p>Si la Machine simplifie notre vie, elle l&rsquo;a rendue difficile.<br \/>\nSi la m\u00e9decine augmente la dur\u00e9e de vie, elle en a r\u00e9duit l&rsquo;esp\u00e9rance.<\/p>\n<p>C&rsquo;est trop.<\/p>\n","protected":false},"excerpt":{"rendered":"<p>Trop de bruits, Trop de haines, Trop d&rsquo;injustices, Trop d&rsquo;indiff\u00e9rences, Trop de mensonges, Trop de tueries pourquoi faire, Trop de se sentir mal jour apr\u00e8s jour, Trop de mat\u00e9riels mais manque d&rsquo;esprit, Trop d&rsquo;histoires qui se r\u00e9p\u00e8tent, mais on ne retient jamais la le\u00e7on. Si la Machine simplifie notre vie, elle l&rsquo;a rendue difficile. Si [&hellip;]<\/p>\n","protected":false},"author":1,"featured_media":0,"parent":0,"menu_order":0,"comment_status":"open","ping_status":"open","template":"","meta":{"footnotes":""},"class_list":["post-4","page","type-page","status-publish","hentry"],"_links":{"self":[{"href":"http:\/\/blog.lilicat.com\/index.php?rest_route=\/wp\/v2\/pages\/4","targetHints":{"allow":["GET"]}}],"collection":[{"href":"http:\/\/blog.lilicat.com\/index.php?rest_route=\/wp\/v2\/pages"}],"about":[{"href":"http:\/\/blog.lilicat.com\/index.php?rest_route=\/wp\/v2\/types\/page"}],"author":[{"embeddable":true,"href":"http:\/\/blog.lilicat.com\/index.php?rest_route=\/wp\/v2\/users\/1"}],"replies":[{"embeddable":true,"href":"http:\/\/blog.lilicat.com\/index.php?rest_route=%2Fwp%2Fv2%2Fcomments&post=4"}],"version-history":[{"count":0,"href":"http:\/\/blog.lilicat.com\/index.php?rest_route=\/wp\/v2\/pages\/4\/revisions"}],"wp:attachment":[{"href":"http:\/\/blog.lilicat.com\/index.php?rest_route=%2Fwp%2Fv2%2Fmedia&parent=4"}],"curies":[{"name":"wp","href":"https:\/\/api.w.org\/{rel}","templated":true}]}}