{"id":58,"date":"2008-11-17T21:52:27","date_gmt":"2008-11-17T20:52:27","guid":{"rendered":"http:\/\/yazhou.free.fr\/lilimao\/blog\/?page_id=58"},"modified":"2008-11-17T21:52:27","modified_gmt":"2008-11-17T20:52:27","slug":"merci-rer-a","status":"publish","type":"page","link":"http:\/\/blog.lilicat.com\/?page_id=58","title":{"rendered":"Merci, RER A!"},"content":{"rendered":"<p>Depuis les derni\u00e8res vacances, j&rsquo;ai au moins 6 kilos \u00e0 perdre. Et ce poids p\u00e8se et hante dans ma t\u00eate, que j&rsquo;ai m\u00eame honte de sortir de chez moi, ne trouvant pas de solution pour l&rsquo;enlever.<\/p>\n<p>Ce soir lorsque j&rsquo;attendais la ligne 14, comme d&rsquo;habitude, j&rsquo;ai \u00e9t\u00e9 surprise d&rsquo;entendre une annonce :<br \/>\n\u00e0 cause d&rsquo;un incident technique, la circulation de RER A est interrompue entre Auber et la D\u00e9fense.<\/p>\n<p>Paniqu\u00e9e, parce que je dois prendre la correspondance par RER A1 \u00e0 la Gare d Lyon, comme d&rsquo;habitude, ensuite descendre \u00e0 la Station Rueil Malmaison, comme d&rsquo;habitude.<\/p>\n<p>J&rsquo;ai chang\u00e9 \u00e0 Ch\u00e2telet les Halles, inhabituelle, la ligne 1. Et les gens courraient dans tous les sens, pas comme d&rsquo;habitude.<\/p>\n<p>Quand je suis arriv\u00e9e \u00e0 la D\u00e9fense, les tourniquets ne fonctionnaient pas, les gens perdus entouraient les personnels comme les naufrag\u00e9s nagent contre la mar\u00e9e vers le phare qui est en panne.<\/p>\n<p>\u00ab\u00a0Pour me rendre \u00e0 St Germain en Laye, c&rsquo;est par o\u00f9?\u00a0\u00bb L&rsquo;agent en gilet (naufrag\u00e9 lui-m\u00eame sous la mar\u00e9e des affol\u00e9s) m&rsquo;a indiqu\u00e9 avec une certitude les escaliers qui m\u00e8nent normalement dans le sens oppos\u00e9. H\u00e9sitante, je suis descendue et suis noy\u00e9e dans les vagues de rumeurs, de tout et de rien&#8230; Perdue, je suis remont\u00e9e pour demander au m\u00eame agent, et bien sur il avait raison!<\/p>\n<p>Apr\u00e8s avoir redescendue, je suivais les leaders, ceux qui semblaient surs de leur information &#8212;<br \/>\ndilemme! il y avait 2 trains \u00e0 chaque c\u00f4t\u00e9! c&rsquo;est lequel? quel est le train qui partira pour la direction de St-Germain en Laye?!!!! apr\u00e8s un aller-retour suis rest\u00e9e paralys\u00e9e sur un fauteuil dans le train qui semblait avoir plus de chance de PARTIR! mais c&rsquo;est l\u00e0 &#8211; une nouvelle annonce a chang\u00e9 radicalement le sens de la mar\u00e9e &#8211; y&rsquo;a pas de RER du tout! vite, cours, suis la mar\u00e9e, sois championne de la course pour \u00eatre la premi\u00e8re d&rsquo;arriver \u00e0 l&rsquo;arr\u00eat de bus 258. juste quand je suis dans le long fil d&rsquo;attente en zigzag, une toute nouvelle annonce &#8212; RER pour la direction de St-Germain en Laye &#8230; j&rsquo;ai m\u00eame pas tout finir entendre, d\u00e9j\u00e0 d&rsquo;une fl\u00e8che, allez, cours, redescends, tant pis pour la dame que j&rsquo;ai failli faire tomber, c&rsquo;est loin, mes jambes souffrent tellement, tout en sueur&#8230;<\/p>\n<p>Install\u00e9e tranquille dans le fauteuil, la douleur s&rsquo;intensifie, la sueur pleine sur mon visage, les rumeurs courent \u00ab\u00a0\u00c7a part? c&rsquo;est bien dans la direction de &#8212; oh non, c&rsquo;est le train de l&rsquo;autre c\u00f4t\u00e9, hop l\u00e0, j&rsquo;offre ma dernier effort, yes, j&rsquo;ai une place, et l\u00e0 je crois que j&rsquo;ai perdu au moins 2 kilos, je tiens donc \u00e0 remercier RER A!<\/p>\n","protected":false},"excerpt":{"rendered":"<p>Depuis les derni\u00e8res vacances, j&rsquo;ai au moins 6 kilos \u00e0 perdre. Et ce poids p\u00e8se et hante dans ma t\u00eate, que j&rsquo;ai m\u00eame honte de sortir de chez moi, ne trouvant pas de solution pour l&rsquo;enlever. Ce soir lorsque j&rsquo;attendais la ligne 14, comme d&rsquo;habitude, j&rsquo;ai \u00e9t\u00e9 surprise d&rsquo;entendre une annonce : \u00e0 cause d&rsquo;un [&hellip;]<\/p>\n","protected":false},"author":1,"featured_media":0,"parent":0,"menu_order":0,"comment_status":"open","ping_status":"open","template":"","meta":{"footnotes":""},"class_list":["post-58","page","type-page","status-publish","hentry"],"_links":{"self":[{"href":"http:\/\/blog.lilicat.com\/index.php?rest_route=\/wp\/v2\/pages\/58","targetHints":{"allow":["GET"]}}],"collection":[{"href":"http:\/\/blog.lilicat.com\/index.php?rest_route=\/wp\/v2\/pages"}],"about":[{"href":"http:\/\/blog.lilicat.com\/index.php?rest_route=\/wp\/v2\/types\/page"}],"author":[{"embeddable":true,"href":"http:\/\/blog.lilicat.com\/index.php?rest_route=\/wp\/v2\/users\/1"}],"replies":[{"embeddable":true,"href":"http:\/\/blog.lilicat.com\/index.php?rest_route=%2Fwp%2Fv2%2Fcomments&post=58"}],"version-history":[{"count":0,"href":"http:\/\/blog.lilicat.com\/index.php?rest_route=\/wp\/v2\/pages\/58\/revisions"}],"wp:attachment":[{"href":"http:\/\/blog.lilicat.com\/index.php?rest_route=%2Fwp%2Fv2%2Fmedia&parent=58"}],"curies":[{"name":"wp","href":"https:\/\/api.w.org\/{rel}","templated":true}]}}