{"id":63,"date":"2009-06-13T14:14:25","date_gmt":"2009-06-13T13:14:25","guid":{"rendered":"http:\/\/yazhou.free.fr\/lilimao\/blog\/?page_id=63"},"modified":"2009-06-13T14:14:25","modified_gmt":"2009-06-13T13:14:25","slug":"peche-mignon","status":"publish","type":"page","link":"http:\/\/blog.lilicat.com\/?page_id=63","title":{"rendered":"P\u00e9ch\u00e9 Mignon"},"content":{"rendered":"<p><strong><br \/>\nP\u00e9ch\u00e9 Mignon  <\/strong><\/p>\n<p>Enracin\u00e9s!<br \/>\nMes pieds<br \/>\nDans une brume de paraisse de velours.<\/p>\n<p>Convaincu,<br \/>\nMon coeur lass\u00e9,<br \/>\nQuelqu&rsquo;un m&rsquo;arrachera de cette \u00eele un jour.<\/p>\n<p>Flottante, h\u00e9sit\u00e9e, or d\u00e9termin\u00e9e,<br \/>\nA la poursuite de la Justice sans retour.<\/p>\n","protected":false},"excerpt":{"rendered":"<p>P\u00e9ch\u00e9 Mignon Enracin\u00e9s! Mes pieds Dans une brume de paraisse de velours. Convaincu, Mon coeur lass\u00e9, Quelqu&rsquo;un m&rsquo;arrachera de cette \u00eele un jour. Flottante, h\u00e9sit\u00e9e, or d\u00e9termin\u00e9e, A la poursuite de la Justice sans retour.<\/p>\n","protected":false},"author":1,"featured_media":0,"parent":0,"menu_order":0,"comment_status":"open","ping_status":"open","template":"","meta":{"footnotes":""},"class_list":["post-63","page","type-page","status-publish","hentry"],"_links":{"self":[{"href":"http:\/\/blog.lilicat.com\/index.php?rest_route=\/wp\/v2\/pages\/63","targetHints":{"allow":["GET"]}}],"collection":[{"href":"http:\/\/blog.lilicat.com\/index.php?rest_route=\/wp\/v2\/pages"}],"about":[{"href":"http:\/\/blog.lilicat.com\/index.php?rest_route=\/wp\/v2\/types\/page"}],"author":[{"embeddable":true,"href":"http:\/\/blog.lilicat.com\/index.php?rest_route=\/wp\/v2\/users\/1"}],"replies":[{"embeddable":true,"href":"http:\/\/blog.lilicat.com\/index.php?rest_route=%2Fwp%2Fv2%2Fcomments&post=63"}],"version-history":[{"count":0,"href":"http:\/\/blog.lilicat.com\/index.php?rest_route=\/wp\/v2\/pages\/63\/revisions"}],"wp:attachment":[{"href":"http:\/\/blog.lilicat.com\/index.php?rest_route=%2Fwp%2Fv2%2Fmedia&parent=63"}],"curies":[{"name":"wp","href":"https:\/\/api.w.org\/{rel}","templated":true}]}}